{"id":1364,"date":"2023-06-15T17:44:34","date_gmt":"2023-06-15T17:44:34","guid":{"rendered":"https:\/\/visit12islands.gr\/?page_id=1364"},"modified":"2023-06-19T13:50:58","modified_gmt":"2023-06-19T13:50:58","slug":"about-the-ccid","status":"publish","type":"page","link":"https:\/\/visit12islands.gr\/fr\/about-the-ccid\/","title":{"rendered":"\u00c0 propos de la CCID"},"content":{"rendered":"<div data-elementor-type=\"wp-page\" data-elementor-id=\"1364\" class=\"elementor elementor-1364\">\n\t\t\t\t\t\t<div class=\"elementor-inner\">\n\t\t\t\t<div class=\"elementor-section-wrap\">\n\t\t\t\t\t\t\t\t\t<section class=\"elementor-section elementor-top-section elementor-element elementor-element-1af89047 elementor-section-full_width elementor-section-height-default elementor-section-height-default\" data-id=\"1af89047\" data-element_type=\"section\" data-settings=\"{&quot;background_background&quot;:&quot;classic&quot;}\">\n\t\t\t\t\t\t<div class=\"elementor-container elementor-column-gap-default\">\n\t\t\t\t\t\t\t<div class=\"elementor-row\">\n\t\t\t\t\t<div class=\"aux-parallax-section elementor-column elementor-col-100 elementor-top-column elementor-element elementor-element-5c015000\" data-id=\"5c015000\" data-element_type=\"column\">\n\t\t\t<div class=\"elementor-column-wrap elementor-element-populated\">\n\t\t\t\t\t\t\t<div class=\"elementor-widget-wrap\">\n\t\t\t\t\t\t<div class=\"elementor-element elementor-element-ce05fb0 elementor-widget elementor-widget-aux_modern_heading\" data-id=\"ce05fb0\" data-element_type=\"widget\" data-widget_type=\"aux_modern_heading.default\">\n\t\t\t\t<div class=\"elementor-widget-container\">\n\t\t\t<section class=\"aux-widget-modern-heading\">\n            <div class=\"aux-widget-inner\"><h2 class=\"aux-modern-heading-primary\">\u00c0 propos de la CCID<\/h2><\/div>\n        <\/section>\t\t<\/div>\n\t\t\t\t<\/div>\n\t\t\t\t<div class=\"elementor-element elementor-element-78e98449 elementor-widget elementor-widget-aux_image\" data-id=\"78e98449\" data-element_type=\"widget\" data-widget_type=\"aux_image.default\">\n\t\t\t\t<div class=\"elementor-widget-container\">\n\t\t\t<section class=\"widget-container aux-widget-image aux-alignnone aux-parent-au5d060a63\">\n    <div class=\"aux-media-hint-frame\">\n        <div class=\"aux-media-image\" >\n        \n            \n\n            \n            <img loading=\"lazy\" decoding=\"async\" width=\"322\" height=\"322\" src=\"https:\/\/visit12islands.gr\/wp-content\/uploads\/2023\/06\/favicon.png\" class=\"aux-attachment aux-featured-image aux-attachment-id-1295\" alt=\"favicon\" data-ratio=\"1\" data-original-w=\"322\" \/>            \n                <\/div>\n    <\/div>\n\n<\/section><!-- widget-container -->\t\t<\/div>\n\t\t\t\t<\/div>\n\t\t\t\t\t\t<\/div>\n\t\t\t\t\t<\/div>\n\t\t<\/div>\n\t\t\t\t\t\t\t\t<\/div>\n\t\t\t\t\t<\/div>\n\t\t<\/section>\n\t\t\t\t<section class=\"elementor-section elementor-top-section elementor-element elementor-element-421bc8fe elementor-section-boxed elementor-section-height-default elementor-section-height-default\" data-id=\"421bc8fe\" data-element_type=\"section\">\n\t\t\t\t\t\t<div class=\"elementor-container elementor-column-gap-no\">\n\t\t\t\t\t\t\t<div class=\"elementor-row\">\n\t\t\t\t\t<div class=\"aux-parallax-section elementor-column elementor-col-100 elementor-top-column elementor-element elementor-element-a19eac8\" data-id=\"a19eac8\" data-element_type=\"column\">\n\t\t\t<div class=\"elementor-column-wrap elementor-element-populated\">\n\t\t\t\t\t\t\t<div class=\"elementor-widget-wrap\">\n\t\t\t\t\t\t<div class=\"elementor-element elementor-element-6d4db1e6 elementor-widget elementor-widget-spacer\" data-id=\"6d4db1e6\" data-element_type=\"widget\" data-widget_type=\"spacer.default\">\n\t\t\t\t<div class=\"elementor-widget-container\">\n\t\t\t\t\t<div class=\"elementor-spacer\">\n\t\t\t<div class=\"elementor-spacer-inner\"><\/div>\n\t\t<\/div>\n\t\t\t\t<\/div>\n\t\t\t\t<\/div>\n\t\t\t\t<div class=\"elementor-element elementor-element-6077243 elementor-widget-divider--view-line elementor-widget elementor-widget-divider\" data-id=\"6077243\" data-element_type=\"widget\" data-widget_type=\"divider.default\">\n\t\t\t\t<div class=\"elementor-widget-container\">\n\t\t\t\t\t<div class=\"elementor-divider\">\n\t\t\t<span class=\"elementor-divider-separator\">\n\t\t\t\t\t\t<\/span>\n\t\t<\/div>\n\t\t\t\t<\/div>\n\t\t\t\t<\/div>\n\t\t\t\t<div class=\"elementor-element elementor-element-490fb0bf elementor-widget elementor-widget-aux_image\" data-id=\"490fb0bf\" data-element_type=\"widget\" data-widget_type=\"aux_image.default\">\n\t\t\t\t<div class=\"elementor-widget-container\">\n\t\t\t<section class=\"widget-container aux-widget-image aux-alignnone aux-parent-au50955f3a\">\n    <div class=\"aux-media-hint-frame\">\n        <div class=\"aux-media-image\" >\n        \n            \n\n            \n            <img loading=\"lazy\" decoding=\"async\" width=\"1920\" height=\"528\" src=\"https:\/\/visit12islands.gr\/wp-content\/uploads\/2023\/05\/ebed-banner.jpg\" class=\"aux-attachment aux-featured-image aux-attachment-id-159\" alt=\"ebed-banner\" data-ratio=\"3.64\" data-original-w=\"1920\" \/>            \n                <\/div>\n    <\/div>\n\n<\/section><!-- widget-container -->\t\t<\/div>\n\t\t\t\t<\/div>\n\t\t\t\t<div class=\"elementor-element elementor-element-4f3f529c elementor-widget elementor-widget-aux_modern_heading\" data-id=\"4f3f529c\" data-element_type=\"widget\" data-widget_type=\"aux_modern_heading.default\">\n\t\t\t\t<div class=\"elementor-widget-container\">\n\t\t\t<section class=\"aux-widget-modern-heading\">\n            <div class=\"aux-widget-inner\"><h2 class=\"aux-modern-heading-primary\">CHAMBRE DE COMMERCE ET D\u2019INDUSTRIE DU DOD\u00c9CAN\u00c8SE (CCID)<\/h2><h3 class=\"aux-modern-heading-secondary\"><span class=\"aux-head-before\">Historique de la cr\u00e9ation et du fonctionnement<\/span><\/h3><div class=\"aux-modern-heading-description\"><p>Dod\u00e9can\u00e8se (CCID) a \u00e9t\u00e9 cr\u00e9\u00e9e le 30 juin 1949 (Journal officiel grec I 142 du 30 juin 1949) sous le nom de \u00abChambre Centrale de Commerce et d\u2019Industrie du Dod\u00e9can\u00e8se - CCID\u00bb, dans un effort de l\u2019\u00c9tat grec pour harmoniser la loi r\u00e9glementaire dans la r\u00e9gion du Dod\u00e9can\u00e8se, qui avait \u00e9t\u00e9 officiellement int\u00e9gr\u00e9e un an plus t\u00f4t (7 mars 1948). La CCID a conserv\u00e9 son activit\u00e9 autonome jusqu\u2019au 12 avril 1988, date \u00e0 laquelle elle a fusionn\u00e9 avec la Chambre de Commerce et d\u2019Industrie de Kalymnos et de Kos (Journal officiel grec 67\/ D\u00e9cret pr\u00e9sidentiel 153).<\/p><p>En outre, par d\u00e9cision du pr\u00e9fet du Dod\u00e9can\u00e8se (9 septembre 1989), des annexes de la CCID \u00e0 Kalymnos et Kos ont \u00e9t\u00e9 \u00e9tablies. Selon le d\u00e9cret pr\u00e9sidentiel 278 du 5 ao\u00fbt 1996 - Journal officiel grec I 197 du 27 ao\u00fbt 1996), les services de la CCID sont structur\u00e9s en une direction comprenant trois d\u00e9partements: Administratif et financier, Registre et TIC et Industrie et commerce.<\/p><p>Depuis 2007, la CCID poss\u00e8de le certificat ISO 9001:2000 pour ses op\u00e9rations et depuis 2009, le certificat de comp\u00e9tence professionnelle pour les gestionnaires.<\/p><p>Aujourd\u2019hui, la CCID comprend les d\u00e9partements suivants : D\u00e9partement Administratif &amp; Financier, Registre G\u00e9n\u00e9ral du Commerce, Registre &amp; TIC, Industrie &amp; Commerce. Repr\u00e9sente plus de 24 000 entreprises membres dans le Dod\u00e9can\u00e8se, a son si\u00e8ge \u00e0 Rhodes, 2 succursales (une \u00e0 Kos et une \u00e0 Kalymnos) et 2 Business Service Points (\u00e0 Karpathos et Leros).<\/p><\/div><\/div>\n        <\/section>\t\t<\/div>\n\t\t\t\t<\/div>\n\t\t\t\t<div class=\"elementor-element elementor-element-5f21139f elementor-widget elementor-widget-aux_image\" data-id=\"5f21139f\" data-element_type=\"widget\" data-widget_type=\"aux_image.default\">\n\t\t\t\t<div class=\"elementor-widget-container\">\n\t\t\t<section class=\"widget-container aux-widget-image aux-alignnone aux-parent-au764c985d\">\n    <div class=\"aux-media-hint-frame\">\n        <div class=\"aux-media-image\" >\n        \n            \n\n            \n            <img loading=\"lazy\" decoding=\"async\" width=\"1557\" height=\"550\" src=\"https:\/\/visit12islands.gr\/wp-content\/uploads\/2023\/06\/info-general-7-1920x550.jpg\" class=\"aux-attachment aux-featured-image aux-attachment-id-953\" alt=\"info-general (7)\" srcset=\"https:\/\/visit12islands.gr\/wp-content\/uploads\/2023\/06\/info-general-7-150x43.jpg 150w,https:\/\/visit12islands.gr\/wp-content\/uploads\/2023\/06\/info-general-7-300x86.jpg 300w,https:\/\/visit12islands.gr\/wp-content\/uploads\/2023\/06\/info-general-7-768x220.jpg 768w,https:\/\/visit12islands.gr\/wp-content\/uploads\/2023\/06\/info-general-7-1024x293.jpg 1024w,https:\/\/visit12islands.gr\/wp-content\/uploads\/2023\/06\/info-general-7-1920x550.jpg 1557w\" data-ratio=\"3.49\" data-original-w=\"1557\" sizes=\"(max-width:479px) 480px,(max-width:767px) 768px,(max-width:1023px) 1024px,1557px\" \/>            \n                <\/div>\n    <\/div>\n\n<\/section><!-- widget-container -->\t\t<\/div>\n\t\t\t\t<\/div>\n\t\t\t\t<div class=\"elementor-element elementor-element-487655a0 elementor-widget elementor-widget-aux_modern_heading\" data-id=\"487655a0\" data-element_type=\"widget\" data-widget_type=\"aux_modern_heading.default\">\n\t\t\t\t<div class=\"elementor-widget-container\">\n\t\t\t<section class=\"aux-widget-modern-heading\">\n            <div class=\"aux-widget-inner\"><h2 class=\"aux-modern-heading-primary\">Br\u00e8ve description des activit\u00e9s de la CCID<\/h2><div class=\"aux-modern-heading-description\"><p>\u00c0 l\u2019initiative de la CCID, des actions ont \u00e9t\u00e9 men\u00e9es afin d\u2019attirer des compagnies a\u00e9riennes \u00e0 bas prix dans la r\u00e9gion, dans le but d\u2019\u00e9tendre la saison touristique pendant l\u2019hiver. Dans le but de mettre en \u00e9vidence et de promouvoir les perspectives de chaque \u00eele du Dod\u00e9can\u00e8se dans le domaine du d\u00e9veloppement de types de tourisme alternatifs, \u00e0 l\u2019initiative de la CCID et du DETAP, des documents imprim\u00e9s et audiovisuels ont \u00e9t\u00e9 produits pour promouvoir:<\/p><ul><li>Le tourisme de plong\u00e9e \u00e0 Leros<\/li><li>Le tourisme d\u2019escalade \u00e0 Kalymnos<\/li><li>Le tourisme religieux \u00e0 Patmos<\/li><li>La cuisine \u00e9g\u00e9enne<\/li><li>Le tourisme maritime dans le Dod\u00e9can\u00e8se<\/li><\/ul><p><strong>IDENTIT\u00c9 DE LA CCID<\/strong><\/p><p><strong>Address<\/strong>rue de Grigoriou Lampraki,<br \/>code postal 85100, Rhodes, Gr\u00e8ce<br \/><strong>T\u00e9l<\/strong>. +30 22410 44200<br \/><strong>Fax<\/strong>: +30 22410 44242<br \/><strong>e-mail<\/strong>: info@ebed.gr<br \/><strong>URL<\/strong>: www.ebed.gr<br \/><strong>Pr\u00e9sident: Ioannis Pappou<\/strong><br \/><strong>Nombre de membres<\/strong>: 24.178 (Avril, 2022)<br \/><strong>Conseil d\u2019administration<\/strong>: 51 membres<br \/><strong>Comit\u00e9 Administratif<\/strong>: 7 membres<br \/><strong>Secteurs<\/strong>Commerce, Fabrication, Tourisme<br \/>Services<\/p><\/div><\/div>\n        <\/section>\t\t<\/div>\n\t\t\t\t<\/div>\n\t\t\t\t<div class=\"elementor-element elementor-element-2091a9b2 elementor-widget elementor-widget-aux_image\" data-id=\"2091a9b2\" data-element_type=\"widget\" data-widget_type=\"aux_image.default\">\n\t\t\t\t<div class=\"elementor-widget-container\">\n\t\t\t<section class=\"widget-container aux-widget-image aux-alignnone aux-parent-au552e81e3\">\n    <div class=\"aux-media-hint-frame\">\n        <div class=\"aux-media-image\" >\n        \n            \n\n            \n            <img loading=\"lazy\" decoding=\"async\" width=\"585\" height=\"426\" src=\"https:\/\/visit12islands.gr\/wp-content\/uploads\/2023\/06\/ioannis-pappou.jpg\" class=\"aux-attachment aux-featured-image aux-attachment-id-1494\" alt=\"ioannis pappou\" data-ratio=\"1.37\" data-original-w=\"585\" \/>            \n                <\/div>\n    <\/div>\n\n<\/section><!-- widget-container -->\t\t<\/div>\n\t\t\t\t<\/div>\n\t\t\t\t<div class=\"elementor-element elementor-element-5a583344 elementor-widget elementor-widget-aux_modern_heading\" data-id=\"5a583344\" data-element_type=\"widget\" data-widget_type=\"aux_modern_heading.default\">\n\t\t\t\t<div class=\"elementor-widget-container\">\n\t\t\t<section class=\"aux-widget-modern-heading\">\n            <div class=\"aux-widget-inner\"><h2 class=\"aux-modern-heading-primary\">Ioannis G. Pappou<\/h2><h3 class=\"aux-modern-heading-secondary\"><span class=\"aux-head-before\">Pr\u00e9sident de la Chambre de Commerce et d\u2019Industrie du Dod\u00e9can\u00e8se<\/span><\/h3><div class=\"aux-modern-heading-description\"><p>Le tourisme maritime est un pilier essentiel du soutien \u00e0 l\u2019\u00e9conomie locale et de l\u2019enrichissement de notre produit touristique, ce qui constitue le principal d\u00e9fi dans le nouveau paysage qui se dessine devant nous et dans lequel nous serons appel\u00e9s \u00e0 coexister, coop\u00e9rer et collaborer.<\/p><p>Le tourisme maritime, sous toutes ses formes, attire des visiteurs de niveau social et \u00e9conomique \u00e9lev\u00e9 et contribue de mani\u00e8re catalytique \u00e0 l\u2019am\u00e9lioration globale du produit touristique de la mer \u00c9g\u00e9e et de chaque \u00eele s\u00e9par\u00e9ment. Le d\u00e9veloppement du tourisme maritime constitue une condition pr\u00e9alable n\u00e9cessaire au soutien de l\u2019\u00e9conomie locale et \u00e0 l\u2019enrichissement de notre produit touristique, en ouvrant de nouvelles perspectives. Le tourisme maritime, ainsi que le d\u00e9veloppement parall\u00e8le d\u2019activit\u00e9s, peuvent fonctionner soit individuellement, soit de concert avec d\u2019autres formes de tourisme, cr\u00e9ant ainsi un nexus d\u2019initiatives, apportant ainsi une forte valeur ajout\u00e9e \u00e0 notre produit touristique. Les marinas des \u00eeles du Dod\u00e9can\u00e8se, les ports touristiques, les abris touristiques pour voiliers et les mouillages de plaisance, constituent la base de la formulation strat\u00e9gique d\u2019une nouvelle politique maritime et de la prise de mesures visant \u00e0 rendre la plaisance grecque comp\u00e9titive, capable de gagner constamment du terrain et de s\u2019imposer dans les habitudes de voyage de nos visiteurs<\/p><p>Nos 15 \u00eeles et \u00eelots rocheux, avec leurs milliers de kilom\u00e8tres de c\u00f4tes, leurs beaut\u00e9s uniques, leur soleil \u00e9clatant et leurs eaux cristallines, constituent les garanties qui permettront au Dod\u00e9can\u00e8se de devenir la premi\u00e8re destination du tourisme de plaisance.<\/p><p>En tant que Chambre de Commerce et d\u2019Industrie du Dod\u00e9can\u00e8se, nous nous engageons \u00e0 promouvoir la revendication conjointe d\u2019incitations pour le d\u00e9veloppement du tourisme maritime, rendant le yachting grec fort et ajoutant de la valeur au produit touristique des \u00eeles du Dod\u00e9can\u00e8se.<\/p><\/div><\/div>\n        <\/section>\t\t<\/div>\n\t\t\t\t<\/div>\n\t\t\t\t<div class=\"elementor-element elementor-element-180aeaea elementor-widget-divider--view-line elementor-widget elementor-widget-divider\" data-id=\"180aeaea\" data-element_type=\"widget\" data-widget_type=\"divider.default\">\n\t\t\t\t<div class=\"elementor-widget-container\">\n\t\t\t\t\t<div class=\"elementor-divider\">\n\t\t\t<span class=\"elementor-divider-separator\">\n\t\t\t\t\t\t<\/span>\n\t\t<\/div>\n\t\t\t\t<\/div>\n\t\t\t\t<\/div>\n\t\t\t\t<div class=\"elementor-element elementor-element-3df51082 elementor-widget elementor-widget-wp-widget-wpgmza_map_widget\" data-id=\"3df51082\" data-element_type=\"widget\" data-widget_type=\"wp-widget-wpgmza_map_widget.default\">\n\t\t\t\t<div class=\"elementor-widget-container\">\n\t\t\t\r\n            \r\n            \r\n            \r\n            <a name='map1'><\/a>\r\n            \r\n            \r\n            \r\n            \r\n            <div class=\"wpgmza_map\"  id=\"wpgmza_map_1\" style=\"display:block; overflow:auto; width:100%; height:600px; margin-left:auto !important; margin-right:auto !important; align:center;\" data-settings='{\"id\":\"1\",\"map_title\":\"Dodecanese\",\"map_width\":\"100\",\"map_height\":\"600\",\"map_start_lat\":\"36.485310921830745\",\"map_start_lng\":\"27.783099559375\",\"map_start_location\":\"45.950464398418106,-109.81550500000003\",\"map_start_zoom\":\"8\",\"default_marker\":\"https:\\\/\\\/visit12islands.gr\\\/wp-content\\\/uploads\\\/wp-google-maps\\\/icons\\\/6477080ad3cfb9.17836045.png\",\"type\":\"0\",\"alignment\":\"4\",\"directions_enabled\":\"0\",\"styling_enabled\":\"0\",\"styling_json\":\"\",\"active\":\"0\",\"kml\":\"\",\"bicycle\":\"0\",\"traffic\":\"0\",\"dbox\":\"1\",\"dbox_width\":\"\",\"listmarkers\":\"0\",\"listmarkers_advanced\":\"0\",\"filterbycat\":\"0\",\"ugm_enabled\":\"0\",\"ugm_category_enabled\":\"0\",\"fusion\":\"\",\"map_width_type\":\"%\",\"map_height_type\":\"px\",\"mass_marker_support\":\"0\",\"ugm_access\":\"0\",\"order_markers_by\":\"1\",\"order_markers_choice\":\"1\",\"show_user_location\":\"0\",\"default_to\":\"\",\"other_settings\":{\"map_type\":1,\"sl_stroke_color\":\"#0d00ff\",\"sl_fill_color\":\"#ff0000\",\"sl_stroke_opacity\":\"1\",\"sl_fill_opacity\":\"0.5\",\"transport_layer\":false,\"shortcodeAttributes\":{\"id\":\"1\"},\"action\":\"wpgmza_save_map\",\"redirect_to\":\"\\\/wp-admin\\\/admin-post.php\",\"map_id\":\"1\",\"wpgmza_savemap\":\"Save Map \\u00bb\",\"http_referer\":\"\\\/wp-admin\\\/admin.php?page=wp-google-maps-menu&amp;amp;action=edit&amp;amp;map_id=1\",\"wpgmza_id\":\"1\",\"wpgmza_start_location\":\"36.485310921830745,27.783099559375\",\"wpgmza_start_zoom\":\"8\",\"wpgmza_map_align\":\"2\",\"store_locator_enabled\":false,\"store_locator_distance\":false,\"store_locator_search_area\":\"radial\",\"wpgmza_store_locator_default_radius\":\"10\",\"store_locator_auto_area_max_zoom\":\"\",\"wpgmza_store_locator_radius_style\":\"modern\",\"store_locator_component_anchor\":\"0\",\"wpgmza_store_locator_bounce\":false,\"upload_default_sl_marker\":\"\",\"upload_default_sl_marker_retina\":false,\"wpgmza_sl_animation\":\"1\",\"store_locator_query_string\":\"\",\"store_locator_location_placeholder\":\"\",\"store_locator_default_address\":\"\",\"store_locator_name_search\":false,\"store_locator_name_string\":\"\",\"store_locator_not_found_message\":\"\",\"wpgmza_store_locator_restrict\":\"gr\",\"store_locator_show_distance\":false,\"store_locator_category\":false,\"wpgmza_store_locator_use_their_location\":false,\"wpgmza_store_locator_hide_before_search\":false,\"store_locator_nearby_searches\":false,\"directions_box_component_anchor\":\"1\",\"wpgmza_dbox_width_type\":\"%\",\"default_from\":\"\",\"directions_behaviour\":\"default\",\"force_google_directions_app\":false,\"directions_route_origin_icon\":\"https:\\\/\\\/visit12islands.gr\\\/wp-content\\\/plugins\\\/wp-google-maps\\\/images\\\/spotlight-poi3.png\",\"directions_origin_retina\":false,\"directions_route_destination_icon\":\"https:\\\/\\\/visit12islands.gr\\\/wp-content\\\/plugins\\\/wp-google-maps\\\/images\\\/spotlight-poi3.png\",\"directions_destination_retina\":false,\"directions_route_stroke_color\":\"#4d8df5\",\"directions_route_stroke_weight\":\"4\",\"directions_route_stroke_opacity\":\"0.8\",\"directions_fit_bounds_to_route\":false,\"wpgmza_ol_tile_filter\":\"contrast(100%) grayscale(1%) hue-rotate(360deg) invert(1%) sepia(1%) saturate(100%)\",\"wpgmza_theme_data\":\"\",\"custom_tile_enabled\":false,\"custom_tile_image\":\"\",\"custom_tile_image_width\":\"\",\"custom_tile_image_height\":\"\",\"custom_tile_image_attribution\":\"\",\"iw_primary_color\":\"#ffffff\",\"iw_accent_color\":\"#000000\",\"iw_text_color\":\"#000000\",\"close_infowindow_on_map_click\":false,\"marker_share_links\":false,\"wpgmza_listmarkers_by\":\"3\",\"marker_listing_component_anchor\":\"1\",\"marker_listing_component_auto_open\":false,\"dataTable_pagination_style\":\"default\",\"category_filter_component_anchor\":\"0\",\"zoom_level_on_marker_listing_override\":false,\"zoom_level_on_marker_listing_click\":\"\",\"marker_listing_disable_zoom\":false,\"datatable_no_result_message\":\"\",\"remove_search_box_datables\":false,\"datatable_search_string\":\"\",\"datatable_result_start\":\"\",\"datatable_result_of\":\"\",\"datatable_result_to\":\"\",\"datatable_result_total\":\"\",\"datatable_result_show\":\"\",\"datatable_result_entries\":\"\",\"category_legends_enabled\":false,\"category_legends_component_anchor\":\"8\",\"jump_to_nearest_marker_on_initialization\":false,\"click_open_link\":false,\"wpgmza_zoom_on_marker_click\":true,\"wpgmza_zoom_on_marker_click_slider\":\"10\",\"polygon_labels\":false,\"disable_polygon_info_windows\":false,\"fit_maps_bounds_to_markers\":false,\"fit_maps_bounds_to_markers_after_filtering\":false,\"upload_default_ul_marker\":\"\",\"upload_default_ul_marker_retina\":false,\"automatically_pan_to_users_location\":false,\"override_users_location_zoom_level\":false,\"override_users_location_zoom_levels\":\"\",\"show_distance_from_location\":false,\"map_starts_in_streetview\":false,\"map_starts_in_streetview_location\":\"\",\"map_starts_in_streetview_heading\":\"\",\"map_starts_in_streetview_pitch\":\"\",\"map_max_zoom\":\"21\",\"map_min_zoom\":\"0\",\"hide_point_of_interest\":false,\"retina\":false,\"disable_lightbox_images\":false,\"use_Raw_Jpeg_Coordinates\":false,\"enable_advanced_custom_fields_integration\":false,\"enable_toolset_woocommerce_integration\":false,\"enable_woo_product_integration\":false,\"only_load_markers_within_viewport\":false,\"wpgmza_iw_type\":\"2\",\"wpgmza_store_locator_position\":false,\"wpgmza_marker_listing_position\":false}}' data-map-id='1' data-shortcode-attributes='{\"id\":\"1\"}'> <\/div>\r\n            \r\n            <div id=\"wpgmza_marker_list_container_1\" class=\"wpgmza_marker_carousel\"><div data-wpgmza-table data-wpgmza-php-class=\"WPGMZA\\MarkerListing\\Carousel\" data-wpgmza-rest-api-route=\"\/marker-listing\/\" data-wpgmza-marker-listing=\"true\" class=\"owl-carousel owl-theme wpgmza_marker_carousel\" style=\"width:100%;\" data-wpgmza-ajax-parameters='{\"map_id\":\"1\"}' id=\"wpgmza_marker_list_1\" data-wpgmza-carousel-marker-listing=\"\"><\/div><\/div>   \r\n        \t\t<\/div>\n\t\t\t\t<\/div>\n\t\t\t\t\t\t<\/div>\n\t\t\t\t\t<\/div>\n\t\t<\/div>\n\t\t\t\t\t\t\t\t<\/div>\n\t\t\t\t\t<\/div>\n\t\t<\/section>\n\t\t\t\t\t\t\t\t\t<\/div>\n\t\t\t<\/div>\n\t\t\t\t\t<\/div>","protected":false},"excerpt":{"rendered":"<p>Chamber of Commerce and Industry of Dodecanese (CCID) History of establishment and operation. The Chamber of Commerce and Industry of the Dodecanese (CCID) was established in June 30, 1949 (Greek Government Gazette I 142 of June 30, 1949) as \u201cCentral Chamber of Commerce and Industry of the Dodecanese &#8211; CCID\u201d, in an effort of the [&hellip;]<\/p>","protected":false},"author":1,"featured_media":0,"parent":0,"menu_order":0,"comment_status":"closed","ping_status":"closed","template":"","meta":{"footnotes":""},"class_list":["post-1364","page","type-page","status-publish","hentry"],"_links":{"self":[{"href":"https:\/\/visit12islands.gr\/fr\/wp-json\/wp\/v2\/pages\/1364"}],"collection":[{"href":"https:\/\/visit12islands.gr\/fr\/wp-json\/wp\/v2\/pages"}],"about":[{"href":"https:\/\/visit12islands.gr\/fr\/wp-json\/wp\/v2\/types\/page"}],"author":[{"embeddable":true,"href":"https:\/\/visit12islands.gr\/fr\/wp-json\/wp\/v2\/users\/1"}],"replies":[{"embeddable":true,"href":"https:\/\/visit12islands.gr\/fr\/wp-json\/wp\/v2\/comments?post=1364"}],"version-history":[{"count":0,"href":"https:\/\/visit12islands.gr\/fr\/wp-json\/wp\/v2\/pages\/1364\/revisions"}],"wp:attachment":[{"href":"https:\/\/visit12islands.gr\/fr\/wp-json\/wp\/v2\/media?parent=1364"}],"curies":[{"name":"wp","href":"https:\/\/api.w.org\/{rel}","templated":true}]}}