{"id":1364,"date":"2023-06-15T17:44:34","date_gmt":"2023-06-15T17:44:34","guid":{"rendered":"https:\/\/visit12islands.gr\/?page_id=1364"},"modified":"2023-06-19T13:50:58","modified_gmt":"2023-06-19T13:50:58","slug":"about-the-ccid","status":"publish","type":"page","link":"https:\/\/visit12islands.gr\/de\/about-the-ccid\/","title":{"rendered":"\u00dcber die CCID"},"content":{"rendered":"<div data-elementor-type=\"wp-page\" data-elementor-id=\"1364\" class=\"elementor elementor-1364\">\n\t\t\t\t\t\t<div class=\"elementor-inner\">\n\t\t\t\t<div class=\"elementor-section-wrap\">\n\t\t\t\t\t\t\t\t\t<section class=\"elementor-section elementor-top-section elementor-element elementor-element-1af89047 elementor-section-full_width elementor-section-height-default elementor-section-height-default\" data-id=\"1af89047\" data-element_type=\"section\" data-settings=\"{&quot;background_background&quot;:&quot;classic&quot;}\">\n\t\t\t\t\t\t<div class=\"elementor-container elementor-column-gap-default\">\n\t\t\t\t\t\t\t<div class=\"elementor-row\">\n\t\t\t\t\t<div class=\"aux-parallax-section elementor-column elementor-col-100 elementor-top-column elementor-element elementor-element-5c015000\" data-id=\"5c015000\" data-element_type=\"column\">\n\t\t\t<div class=\"elementor-column-wrap elementor-element-populated\">\n\t\t\t\t\t\t\t<div class=\"elementor-widget-wrap\">\n\t\t\t\t\t\t<div class=\"elementor-element elementor-element-ce05fb0 elementor-widget elementor-widget-aux_modern_heading\" data-id=\"ce05fb0\" data-element_type=\"widget\" data-widget_type=\"aux_modern_heading.default\">\n\t\t\t\t<div class=\"elementor-widget-container\">\n\t\t\t<section class=\"aux-widget-modern-heading\">\n            <div class=\"aux-widget-inner\"><h2 class=\"aux-modern-heading-primary\">\u00dcber die CCID<\/h2><\/div>\n        <\/section>\t\t<\/div>\n\t\t\t\t<\/div>\n\t\t\t\t<div class=\"elementor-element elementor-element-78e98449 elementor-widget elementor-widget-aux_image\" data-id=\"78e98449\" data-element_type=\"widget\" data-widget_type=\"aux_image.default\">\n\t\t\t\t<div class=\"elementor-widget-container\">\n\t\t\t<section class=\"widget-container aux-widget-image aux-alignnone aux-parent-aue4663be9\">\n    <div class=\"aux-media-hint-frame\">\n        <div class=\"aux-media-image\" >\n        \n            \n\n            \n            <img loading=\"lazy\" decoding=\"async\" width=\"322\" height=\"322\" src=\"https:\/\/visit12islands.gr\/wp-content\/uploads\/2023\/06\/favicon.png\" class=\"aux-attachment aux-featured-image aux-attachment-id-1295\" alt=\"favicon\" data-ratio=\"1\" data-original-w=\"322\" \/>            \n                <\/div>\n    <\/div>\n\n<\/section><!-- widget-container -->\t\t<\/div>\n\t\t\t\t<\/div>\n\t\t\t\t\t\t<\/div>\n\t\t\t\t\t<\/div>\n\t\t<\/div>\n\t\t\t\t\t\t\t\t<\/div>\n\t\t\t\t\t<\/div>\n\t\t<\/section>\n\t\t\t\t<section class=\"elementor-section elementor-top-section elementor-element elementor-element-421bc8fe elementor-section-boxed elementor-section-height-default elementor-section-height-default\" data-id=\"421bc8fe\" data-element_type=\"section\">\n\t\t\t\t\t\t<div class=\"elementor-container elementor-column-gap-no\">\n\t\t\t\t\t\t\t<div class=\"elementor-row\">\n\t\t\t\t\t<div class=\"aux-parallax-section elementor-column elementor-col-100 elementor-top-column elementor-element elementor-element-a19eac8\" data-id=\"a19eac8\" data-element_type=\"column\">\n\t\t\t<div class=\"elementor-column-wrap elementor-element-populated\">\n\t\t\t\t\t\t\t<div class=\"elementor-widget-wrap\">\n\t\t\t\t\t\t<div class=\"elementor-element elementor-element-6d4db1e6 elementor-widget elementor-widget-spacer\" data-id=\"6d4db1e6\" data-element_type=\"widget\" data-widget_type=\"spacer.default\">\n\t\t\t\t<div class=\"elementor-widget-container\">\n\t\t\t\t\t<div class=\"elementor-spacer\">\n\t\t\t<div class=\"elementor-spacer-inner\"><\/div>\n\t\t<\/div>\n\t\t\t\t<\/div>\n\t\t\t\t<\/div>\n\t\t\t\t<div class=\"elementor-element elementor-element-6077243 elementor-widget-divider--view-line elementor-widget elementor-widget-divider\" data-id=\"6077243\" data-element_type=\"widget\" data-widget_type=\"divider.default\">\n\t\t\t\t<div class=\"elementor-widget-container\">\n\t\t\t\t\t<div class=\"elementor-divider\">\n\t\t\t<span class=\"elementor-divider-separator\">\n\t\t\t\t\t\t<\/span>\n\t\t<\/div>\n\t\t\t\t<\/div>\n\t\t\t\t<\/div>\n\t\t\t\t<div class=\"elementor-element elementor-element-490fb0bf elementor-widget elementor-widget-aux_image\" data-id=\"490fb0bf\" data-element_type=\"widget\" data-widget_type=\"aux_image.default\">\n\t\t\t\t<div class=\"elementor-widget-container\">\n\t\t\t<section class=\"widget-container aux-widget-image aux-alignnone aux-parent-au67ac3a73\">\n    <div class=\"aux-media-hint-frame\">\n        <div class=\"aux-media-image\" >\n        \n            \n\n            \n            <img loading=\"lazy\" decoding=\"async\" width=\"1920\" height=\"528\" src=\"https:\/\/visit12islands.gr\/wp-content\/uploads\/2023\/05\/ebed-banner.jpg\" class=\"aux-attachment aux-featured-image aux-attachment-id-159\" alt=\"ebed-banner\" data-ratio=\"3.64\" data-original-w=\"1920\" \/>            \n                <\/div>\n    <\/div>\n\n<\/section><!-- widget-container -->\t\t<\/div>\n\t\t\t\t<\/div>\n\t\t\t\t<div class=\"elementor-element elementor-element-4f3f529c elementor-widget elementor-widget-aux_modern_heading\" data-id=\"4f3f529c\" data-element_type=\"widget\" data-widget_type=\"aux_modern_heading.default\">\n\t\t\t\t<div class=\"elementor-widget-container\">\n\t\t\t<section class=\"aux-widget-modern-heading\">\n            <div class=\"aux-widget-inner\"><h2 class=\"aux-modern-heading-primary\">INDUSTRIE - UND HANDELSKAMMER DES DODEKANES (IHKD)<\/h2><h3 class=\"aux-modern-heading-secondary\"><span class=\"aux-head-before\">Geschichte der Gr\u00fcndung und des Betriebs.<\/span><\/h3><div class=\"aux-modern-heading-description\"><p>IHKD) wurde am 30. Juni 1949 (Griechisches Regierungsblatt I 142 vom 30. Juni 1949) als \u00abZentrale Industrie- und Handelskammer des Dodekanes\u00bb (IHKD) gegr\u00fcndet, um das Regulierungsrecht in der Region des Dodekanes zu harmonisieren, die ein Jahr zuvor (7. M\u00e4rz 1948) offiziell integriert worden war. Die IHKD behielt ihre autonome T\u00e4tigkeit bis zum 12. April 1988, als sie mit der Industrie- und Handelskammer von Kalymnos und Kos fusionierte (Griechisches Regierungsblatt 67\/ Pr\u00e4sidialerlass 153)<\/p><p>Dar\u00fcber hinaus wurden durch Beschluss des Pr\u00e4fekten des Dodekanes (9. September 1989) Anh\u00e4nge der IHKD in Kalymnos und Kos eingerichtet. Gem\u00e4ss dem Pr\u00e4sidialerlass 278 vom 5. August 1996 \u2013 Amtsblatt der griechischen Regierung I 197 vom 27. August 1996) sind die Dienste der IHKD in einer Direktion mit drei Abteilungen unterteilt: Verwaltung &amp; Finanzen, Register &amp; IKT und Industrie &amp; Handel.<\/p><p>Seit 2007 hat die IHKD das Zertifikat ISO 9001:2000 f\u00fcr ihre Operationen und seit 2009 das Zertifikat f\u00fcr professionelle Kompetenz f\u00fcr Manager<\/p><p>Heute umfasst CCID die folgenden Abteilungen: Verwaltungs- und Finanzabteilung, Allgemeines Handelsregister, Register &amp; IKT, Industrie und Handel. Vertritt mehr als 24.000 Mitgliedsunternehmen auf dem Dodekanes, hat seinen Hauptsitz in Rhodos, 2 Zweigstellen (eine auf Kos und eine in Kalymnos) und 2 Business Service Points (in Karpathos und Leros).<\/p><\/div><\/div>\n        <\/section>\t\t<\/div>\n\t\t\t\t<\/div>\n\t\t\t\t<div class=\"elementor-element elementor-element-5f21139f elementor-widget elementor-widget-aux_image\" data-id=\"5f21139f\" data-element_type=\"widget\" data-widget_type=\"aux_image.default\">\n\t\t\t\t<div class=\"elementor-widget-container\">\n\t\t\t<section class=\"widget-container aux-widget-image aux-alignnone aux-parent-auaf120c2f\">\n    <div class=\"aux-media-hint-frame\">\n        <div class=\"aux-media-image\" >\n        \n            \n\n            \n            <img loading=\"lazy\" decoding=\"async\" width=\"1557\" height=\"550\" src=\"https:\/\/visit12islands.gr\/wp-content\/uploads\/2023\/06\/info-general-7-1920x550.jpg\" class=\"aux-attachment aux-featured-image aux-attachment-id-953\" alt=\"info-general (7)\" srcset=\"https:\/\/visit12islands.gr\/wp-content\/uploads\/2023\/06\/info-general-7-150x43.jpg 150w,https:\/\/visit12islands.gr\/wp-content\/uploads\/2023\/06\/info-general-7-300x86.jpg 300w,https:\/\/visit12islands.gr\/wp-content\/uploads\/2023\/06\/info-general-7-768x220.jpg 768w,https:\/\/visit12islands.gr\/wp-content\/uploads\/2023\/06\/info-general-7-1024x293.jpg 1024w,https:\/\/visit12islands.gr\/wp-content\/uploads\/2023\/06\/info-general-7-1920x550.jpg 1557w\" data-ratio=\"3.49\" data-original-w=\"1557\" sizes=\"(max-width:479px) 480px,(max-width:767px) 768px,(max-width:1023px) 1024px,1557px\" \/>            \n                <\/div>\n    <\/div>\n\n<\/section><!-- widget-container -->\t\t<\/div>\n\t\t\t\t<\/div>\n\t\t\t\t<div class=\"elementor-element elementor-element-487655a0 elementor-widget elementor-widget-aux_modern_heading\" data-id=\"487655a0\" data-element_type=\"widget\" data-widget_type=\"aux_modern_heading.default\">\n\t\t\t\t<div class=\"elementor-widget-container\">\n\t\t\t<section class=\"aux-widget-modern-heading\">\n            <div class=\"aux-widget-inner\"><h2 class=\"aux-modern-heading-primary\">Kurzbeschreibung der IHKD-Aktivit\u00e4ten<\/h2><div class=\"aux-modern-heading-description\"><p>Auf Initiative der IHKD wurden Massnahmen ergriffen, um Billigfluglinien in das Gebiet zu locken, um die touristische Saison im Winter zu verl\u00e4ngern. Mit dem Ziel, die Perspektiven jeder Insel des Dodekanes im Bereich der Entwicklung alternativer Formen des Fremdenverkehrs herauszustellen und zu f\u00f6rdern, wurde auf Initiative der IHKD und des DETAP gedrucktes und audiovisuelles Material erstellt, das folgende Ziele f\u00f6rdert:<\/p><ul><li>Tauchtourismus in Leros<\/li><li>Klettertourismus in Kalymnos<\/li><li>Religi\u00f6ser Tourismus in Patmos<\/li><li>\u00c4g\u00e4ische K\u00fcche<\/li><li>Meerestourismus im Dodekanes<\/li><\/ul><p><strong>IHKD IDENTIT\u00c4T<\/strong><\/p><p><strong>Address<\/strong>Grigoriou Lampraki Str. 8,<br \/>Postleitzahl 85100, Rhodos, Griechenland<br \/><strong>Tel<\/strong>. +30 22410 44200<br \/><strong>Fax<\/strong>: +30 22410 44242<br \/><strong>e-mail<\/strong>: info@ebed.gr<br \/><strong>URL<\/strong>: www.ebed.gr<br \/><strong>Pr\u00e4sident: Ioannis Pappou<\/strong><br \/><strong>Anzahl der Mitglieder<\/strong>: 24.178 (April, 2022)<br \/><strong>Verwaltungsrat<\/strong>: 51 Mitglieder \u2013<br \/><strong>Verwaltungsausschuss<\/strong>: 7 Mitglieder<br \/><strong>Abteilungen<\/strong>: Handel, Produktion, Tourismus,<br \/>Dienstleistungen<\/p><\/div><\/div>\n        <\/section>\t\t<\/div>\n\t\t\t\t<\/div>\n\t\t\t\t<div class=\"elementor-element elementor-element-2091a9b2 elementor-widget elementor-widget-aux_image\" data-id=\"2091a9b2\" data-element_type=\"widget\" data-widget_type=\"aux_image.default\">\n\t\t\t\t<div class=\"elementor-widget-container\">\n\t\t\t<section class=\"widget-container aux-widget-image aux-alignnone aux-parent-au13c60fe4\">\n    <div class=\"aux-media-hint-frame\">\n        <div class=\"aux-media-image\" >\n        \n            \n\n            \n            <img loading=\"lazy\" decoding=\"async\" width=\"585\" height=\"426\" src=\"https:\/\/visit12islands.gr\/wp-content\/uploads\/2023\/06\/ioannis-pappou.jpg\" class=\"aux-attachment aux-featured-image aux-attachment-id-1494\" alt=\"ioannis pappou\" data-ratio=\"1.37\" data-original-w=\"585\" \/>            \n                <\/div>\n    <\/div>\n\n<\/section><!-- widget-container -->\t\t<\/div>\n\t\t\t\t<\/div>\n\t\t\t\t<div class=\"elementor-element elementor-element-5a583344 elementor-widget elementor-widget-aux_modern_heading\" data-id=\"5a583344\" data-element_type=\"widget\" data-widget_type=\"aux_modern_heading.default\">\n\t\t\t\t<div class=\"elementor-widget-container\">\n\t\t\t<section class=\"aux-widget-modern-heading\">\n            <div class=\"aux-widget-inner\"><h2 class=\"aux-modern-heading-primary\">Ioannis G. Pappou<\/h2><h3 class=\"aux-modern-heading-secondary\"><span class=\"aux-head-before\">Pr\u00e4sident der Industrie- und Handelskammer von dem Dodekanes<\/span><\/h3><div class=\"aux-modern-heading-description\"><p>Maritimer Tourismus ist eine wichtige S\u00e4ule der Unterst\u00fctzung f\u00fcr die lokale Wirtschaft und die Bereicherung unserer Tourismusprodukt, das die gr\u00f6sste Herausforderung in der neuen Landschaft ist, die sich vor uns entfaltet und in dem wir zum Koexistenz und zur Zusammenarbeit aufgerufen sind.<\/p><p>Der Meerestourismus in all seinen Formen zieht Besucher von hohem sozialen und wirtschaftlichen Niveau an und tr\u00e4gt katalytisch zur allgemeinen Aufwertung des Fremdenverkehrsprodukts der \u00c4g\u00e4is und jeder Insel f\u00fcr sich bei. Die Entwicklung des Meerestourismus ist eine notwendige Voraussetzung f\u00fcr die Unterst\u00fctzung der lokalen Wirtschaft und die Bereicherung unseres touristischen Produkts, das neue Perspektiven er\u00f6ffnet. Der Meerestourismus und die parallele Entwicklung von Aktivit\u00e4ten k\u00f6nnen entweder einzeln oder zusammen mit anderen Tourismusformen funktionieren, wodurch eine Verbindung von Initiativen geschaffen wird, die unserem Tourismusprodukt einen hohen Mehrwert verleihen. Die Yachth\u00e4fen der Dodekanes-Inseln, die Touristenh\u00e4fen, die touristischen Segelboote und die Anlegestellen bilden die Grundlage f\u00fcr die strategische Formulierung einer neuen Meerespolitik und f\u00fcr Massnahmen, um die griechische Segelyacht wettbewerbsf\u00e4hig zu machen, st\u00e4ndig an Boden zu gewinnen und sich in den Reisegewohnheiten unserer Besucher zu etablieren.<\/p><p>Unsere 15 Inseln und felsigen Inselchen, mit Tausenden von Kilometern K\u00fcste, einzigartigen bezaubernden Sch\u00f6nheiten, strahlender Sonne und kristallklarem Wasser, sind die Garantie daf\u00fcr, dass der Dodekanes zur Nummer 1 des Yachttourismus wird.<\/p><p>Als Industrie- und Handelskammer des Dodekanes haben wir uns verpflichtet, den gemeinsamen Anspruch von Anreizen f\u00fcr die Entwicklung des Meerestourismus zu f\u00f6rdern, um die griechische Yacht zu st\u00e4rken und das touristische Produkt der Dodekanes - Inseln aufzuwerten.<\/p><\/div><\/div>\n        <\/section>\t\t<\/div>\n\t\t\t\t<\/div>\n\t\t\t\t<div class=\"elementor-element elementor-element-180aeaea elementor-widget-divider--view-line elementor-widget elementor-widget-divider\" data-id=\"180aeaea\" data-element_type=\"widget\" data-widget_type=\"divider.default\">\n\t\t\t\t<div class=\"elementor-widget-container\">\n\t\t\t\t\t<div class=\"elementor-divider\">\n\t\t\t<span class=\"elementor-divider-separator\">\n\t\t\t\t\t\t<\/span>\n\t\t<\/div>\n\t\t\t\t<\/div>\n\t\t\t\t<\/div>\n\t\t\t\t<div class=\"elementor-element elementor-element-3df51082 elementor-widget elementor-widget-wp-widget-wpgmza_map_widget\" data-id=\"3df51082\" data-element_type=\"widget\" data-widget_type=\"wp-widget-wpgmza_map_widget.default\">\n\t\t\t\t<div class=\"elementor-widget-container\">\n\t\t\t\r\n            \r\n            \r\n            \r\n            <a name='map1'><\/a>\r\n            \r\n            \r\n            \r\n            \r\n            <div class=\"wpgmza_map\"  id=\"wpgmza_map_1\" style=\"display:block; overflow:auto; width:100%; height:600px; margin-left:auto !important; margin-right:auto !important; align:center;\" data-settings='{\"id\":\"1\",\"map_title\":\"Dodecanese\",\"map_width\":\"100\",\"map_height\":\"600\",\"map_start_lat\":\"36.485310921830745\",\"map_start_lng\":\"27.783099559375\",\"map_start_location\":\"45.950464398418106,-109.81550500000003\",\"map_start_zoom\":\"8\",\"default_marker\":\"https:\\\/\\\/visit12islands.gr\\\/wp-content\\\/uploads\\\/wp-google-maps\\\/icons\\\/6477080ad3cfb9.17836045.png\",\"type\":\"0\",\"alignment\":\"4\",\"directions_enabled\":\"0\",\"styling_enabled\":\"0\",\"styling_json\":\"\",\"active\":\"0\",\"kml\":\"\",\"bicycle\":\"0\",\"traffic\":\"0\",\"dbox\":\"1\",\"dbox_width\":\"\",\"listmarkers\":\"0\",\"listmarkers_advanced\":\"0\",\"filterbycat\":\"0\",\"ugm_enabled\":\"0\",\"ugm_category_enabled\":\"0\",\"fusion\":\"\",\"map_width_type\":\"%\",\"map_height_type\":\"px\",\"mass_marker_support\":\"0\",\"ugm_access\":\"0\",\"order_markers_by\":\"1\",\"order_markers_choice\":\"1\",\"show_user_location\":\"0\",\"default_to\":\"\",\"other_settings\":{\"map_type\":1,\"sl_stroke_color\":\"#0d00ff\",\"sl_fill_color\":\"#ff0000\",\"sl_stroke_opacity\":\"1\",\"sl_fill_opacity\":\"0.5\",\"transport_layer\":false,\"shortcodeAttributes\":{\"id\":\"1\"},\"action\":\"wpgmza_save_map\",\"redirect_to\":\"\\\/wp-admin\\\/admin-post.php\",\"map_id\":\"1\",\"wpgmza_savemap\":\"Save Map \\u00bb\",\"http_referer\":\"\\\/wp-admin\\\/admin.php?page=wp-google-maps-menu&amp;amp;action=edit&amp;amp;map_id=1\",\"wpgmza_id\":\"1\",\"wpgmza_start_location\":\"36.485310921830745,27.783099559375\",\"wpgmza_start_zoom\":\"8\",\"wpgmza_map_align\":\"2\",\"store_locator_enabled\":false,\"store_locator_distance\":false,\"store_locator_search_area\":\"radial\",\"wpgmza_store_locator_default_radius\":\"10\",\"store_locator_auto_area_max_zoom\":\"\",\"wpgmza_store_locator_radius_style\":\"modern\",\"store_locator_component_anchor\":\"0\",\"wpgmza_store_locator_bounce\":false,\"upload_default_sl_marker\":\"\",\"upload_default_sl_marker_retina\":false,\"wpgmza_sl_animation\":\"1\",\"store_locator_query_string\":\"\",\"store_locator_location_placeholder\":\"\",\"store_locator_default_address\":\"\",\"store_locator_name_search\":false,\"store_locator_name_string\":\"\",\"store_locator_not_found_message\":\"\",\"wpgmza_store_locator_restrict\":\"gr\",\"store_locator_show_distance\":false,\"store_locator_category\":false,\"wpgmza_store_locator_use_their_location\":false,\"wpgmza_store_locator_hide_before_search\":false,\"store_locator_nearby_searches\":false,\"directions_box_component_anchor\":\"1\",\"wpgmza_dbox_width_type\":\"%\",\"default_from\":\"\",\"directions_behaviour\":\"default\",\"force_google_directions_app\":false,\"directions_route_origin_icon\":\"https:\\\/\\\/visit12islands.gr\\\/wp-content\\\/plugins\\\/wp-google-maps\\\/images\\\/spotlight-poi3.png\",\"directions_origin_retina\":false,\"directions_route_destination_icon\":\"https:\\\/\\\/visit12islands.gr\\\/wp-content\\\/plugins\\\/wp-google-maps\\\/images\\\/spotlight-poi3.png\",\"directions_destination_retina\":false,\"directions_route_stroke_color\":\"#4d8df5\",\"directions_route_stroke_weight\":\"4\",\"directions_route_stroke_opacity\":\"0.8\",\"directions_fit_bounds_to_route\":false,\"wpgmza_ol_tile_filter\":\"contrast(100%) grayscale(1%) hue-rotate(360deg) invert(1%) sepia(1%) saturate(100%)\",\"wpgmza_theme_data\":\"\",\"custom_tile_enabled\":false,\"custom_tile_image\":\"\",\"custom_tile_image_width\":\"\",\"custom_tile_image_height\":\"\",\"custom_tile_image_attribution\":\"\",\"iw_primary_color\":\"#ffffff\",\"iw_accent_color\":\"#000000\",\"iw_text_color\":\"#000000\",\"close_infowindow_on_map_click\":false,\"marker_share_links\":false,\"wpgmza_listmarkers_by\":\"3\",\"marker_listing_component_anchor\":\"1\",\"marker_listing_component_auto_open\":false,\"dataTable_pagination_style\":\"default\",\"category_filter_component_anchor\":\"0\",\"zoom_level_on_marker_listing_override\":false,\"zoom_level_on_marker_listing_click\":\"\",\"marker_listing_disable_zoom\":false,\"datatable_no_result_message\":\"\",\"remove_search_box_datables\":false,\"datatable_search_string\":\"\",\"datatable_result_start\":\"\",\"datatable_result_of\":\"\",\"datatable_result_to\":\"\",\"datatable_result_total\":\"\",\"datatable_result_show\":\"\",\"datatable_result_entries\":\"\",\"category_legends_enabled\":false,\"category_legends_component_anchor\":\"8\",\"jump_to_nearest_marker_on_initialization\":false,\"click_open_link\":false,\"wpgmza_zoom_on_marker_click\":true,\"wpgmza_zoom_on_marker_click_slider\":\"10\",\"polygon_labels\":false,\"disable_polygon_info_windows\":false,\"fit_maps_bounds_to_markers\":false,\"fit_maps_bounds_to_markers_after_filtering\":false,\"upload_default_ul_marker\":\"\",\"upload_default_ul_marker_retina\":false,\"automatically_pan_to_users_location\":false,\"override_users_location_zoom_level\":false,\"override_users_location_zoom_levels\":\"\",\"show_distance_from_location\":false,\"map_starts_in_streetview\":false,\"map_starts_in_streetview_location\":\"\",\"map_starts_in_streetview_heading\":\"\",\"map_starts_in_streetview_pitch\":\"\",\"map_max_zoom\":\"21\",\"map_min_zoom\":\"0\",\"hide_point_of_interest\":false,\"retina\":false,\"disable_lightbox_images\":false,\"use_Raw_Jpeg_Coordinates\":false,\"enable_advanced_custom_fields_integration\":false,\"enable_toolset_woocommerce_integration\":false,\"enable_woo_product_integration\":false,\"only_load_markers_within_viewport\":false,\"wpgmza_iw_type\":\"2\",\"wpgmza_store_locator_position\":false,\"wpgmza_marker_listing_position\":false}}' data-map-id='1' data-shortcode-attributes='{\"id\":\"1\"}'> <\/div>\r\n            \r\n            <div id=\"wpgmza_marker_list_container_1\" class=\"wpgmza_marker_carousel\"><div data-wpgmza-table data-wpgmza-php-class=\"WPGMZA\\MarkerListing\\Carousel\" data-wpgmza-rest-api-route=\"\/marker-listing\/\" data-wpgmza-marker-listing=\"true\" class=\"owl-carousel owl-theme wpgmza_marker_carousel\" style=\"width:100%;\" data-wpgmza-ajax-parameters='{\"map_id\":\"1\"}' id=\"wpgmza_marker_list_1\" data-wpgmza-carousel-marker-listing=\"\"><\/div><\/div>   \r\n        \t\t<\/div>\n\t\t\t\t<\/div>\n\t\t\t\t\t\t<\/div>\n\t\t\t\t\t<\/div>\n\t\t<\/div>\n\t\t\t\t\t\t\t\t<\/div>\n\t\t\t\t\t<\/div>\n\t\t<\/section>\n\t\t\t\t\t\t\t\t\t<\/div>\n\t\t\t<\/div>\n\t\t\t\t\t<\/div>","protected":false},"excerpt":{"rendered":"<p>Chamber of Commerce and Industry of Dodecanese (CCID) History of establishment and operation. The Chamber of Commerce and Industry of the Dodecanese (CCID) was established in June 30, 1949 (Greek Government Gazette I 142 of June 30, 1949) as \u201cCentral Chamber of Commerce and Industry of the Dodecanese &#8211; CCID\u201d, in an effort of the [&hellip;]<\/p>","protected":false},"author":1,"featured_media":0,"parent":0,"menu_order":0,"comment_status":"closed","ping_status":"closed","template":"","meta":{"footnotes":""},"class_list":["post-1364","page","type-page","status-publish","hentry"],"_links":{"self":[{"href":"https:\/\/visit12islands.gr\/de\/wp-json\/wp\/v2\/pages\/1364"}],"collection":[{"href":"https:\/\/visit12islands.gr\/de\/wp-json\/wp\/v2\/pages"}],"about":[{"href":"https:\/\/visit12islands.gr\/de\/wp-json\/wp\/v2\/types\/page"}],"author":[{"embeddable":true,"href":"https:\/\/visit12islands.gr\/de\/wp-json\/wp\/v2\/users\/1"}],"replies":[{"embeddable":true,"href":"https:\/\/visit12islands.gr\/de\/wp-json\/wp\/v2\/comments?post=1364"}],"version-history":[{"count":0,"href":"https:\/\/visit12islands.gr\/de\/wp-json\/wp\/v2\/pages\/1364\/revisions"}],"wp:attachment":[{"href":"https:\/\/visit12islands.gr\/de\/wp-json\/wp\/v2\/media?parent=1364"}],"curies":[{"name":"wp","href":"https:\/\/api.w.org\/{rel}","templated":true}]}}